{"id":17,"date":"2017-10-31T21:32:16","date_gmt":"2017-10-31T21:32:16","guid":{"rendered":"http:\/\/www.fatihgungor.com\/?page_id=17"},"modified":"2024-11-06T08:45:29","modified_gmt":"2024-11-06T08:45:29","slug":"home","status":"publish","type":"page","link":"https:\/\/www.fatihgungor.com\/","title":{"rendered":"Home"},"content":{"rendered":"<p><strong>Fatih G\u00fcng\u00f6r<\/strong> is <span style=\"color: #0000ff;\"><a style=\"color: #0000ff;\" href=\"https:\/\/fled.aku.edu.tr\/en\/academic-staff\/\">an associate professor and head<\/a> of<\/span> the Foreign Languages Education Department at the Faculty of Education, Afyon Kocatepe University. He is also the editor-in-chief of the <a href=\"https:\/\/dergipark.org.tr\/en\/pub\/akukeg\"><span style=\"color: #0000ff;\">Journal of Theoretical Educational Science<\/span><\/a> indexed in ERIC and ULAKB\u0130M TR Dizin.<\/p>\n<p><strong>Administrative Tasks:<\/strong><\/p>\n<p>2017-ongoing &#8211; Head of Foreign Languages Education Department<\/p>\n<p>2019-ongoing &#8211; Deputy Director of International Relations Office (Erasmus+ Office)<\/p>\n<p><strong>Previous Positions:<\/strong><\/p>\n<p>2017-2023 &#8211; Coordinator of Academic Writing Center<\/p>\n<p>2017-2022, Assistant Professor, Afyon Kocatepe University, T\u00fcrkiye<\/p>\n<p>2012-2017, Research Assistant, Afyon Kocatepe University, T\u00fcrkiye<\/p>\n<p>2010-2012, Lecturer, KTO Karatay University, T\u00fcrkiye<\/p>\n<p>2009-2010, Teacher, Ministry of National Education, T\u00fcrkiye<\/p>\n<p><strong>Fatih G\u00fcng\u00f6r<\/strong>, Afyon Kocatepe \u00dcniversitesi E\u011fitim Fak\u00fcltesi Yabanc\u0131 Diller E\u011fitimi B\u00f6l\u00fcm\u00fcnde <span style=\"color: #0000ff;\"><a style=\"color: #0000ff;\" href=\"https:\/\/fled.aku.edu.tr\/en\/academic-staff\/\">do\u00e7ent doktor ve b\u00f6l\u00fcm ba\u015fkan\u0131<\/a><\/span>d\u0131r. Kendisi ayn\u0131 zamanda ERIC ve ULAKB\u0130M TR Dizin&#8217;de taranan <span style=\"color: #0000ff;\"><a style=\"color: #0000ff;\" href=\"http:\/\/dergipark.gov.tr\/akukeg\">Kuramsal E\u011fitimbilim Dergisi<\/a> <\/span>ba\u015f edit\u00f6r\u00fcd\u00fcr.<\/p>\n<p><strong>\u0130dari G\u00f6revler:<\/strong><\/p>\n<p>2017-devam ediyor- Yabanc\u0131 Diller E\u011fitimi B\u00f6l\u00fcm Ba\u015fkan\u0131<\/p>\n<p>2019-devam ediyor- Uluslararas\u0131 \u0130li\u015fkiler Uyg. ve Ara\u015ft\u0131rma Merkezi M\u00fcd\u00fcr Yard\u0131mc\u0131s\u0131 (Erasmus+ Ofisi)<\/p>\n<p><strong>\u00d6nceki G\u00f6revleri:<\/strong><\/p>\n<p>2017-2023- Yabanc\u0131 Dil Destek Birimi Koordinat\u00f6r\u00fc<\/p>\n<p>2017-2022, Dr. \u00d6\u011fr. \u00dcyesi, Afyon Kocatepe \u00dcniversitesi<\/p>\n<p>2012-2016, Ara\u015ft\u0131rma G\u00f6revlisi, Afyon Kocatepe \u00dcniversitesi<\/p>\n<p>2010-2012, Okutman, KTO Karatay \u00dcniversitesi<\/p>\n<p>2009-2010, \u00dccretli \u00d6\u011fretmen, Milli E\u011fitim Bakanl\u0131\u011f\u0131<\/p>\n","protected":false},"excerpt":{"rendered":"<p>Fatih G\u00fcng\u00f6r is an associate professor and head of the Foreign Languages Education Department at the Faculty of Education, Afyon Kocatepe University. He is also the editor-in-chief of the Journal of Theoretical Educational Science indexed in ERIC and ULAKB\u0130M TR Dizin. Administrative Tasks: 2017-ongoing &#8211; Head of Foreign Languages Education Department 2019-ongoing &#8211; Deputy Director &hellip; <a href=\"https:\/\/www.fatihgungor.com\/\" class=\"more-link\">Continue reading <span class=\"screen-reader-text\">Home<\/span><\/a><\/p>\n","protected":false},"author":1,"featured_media":0,"parent":0,"menu_order":0,"comment_status":"closed","ping_status":"closed","template":"","meta":{"footnotes":""},"class_list":["post-17","page","type-page","status-publish","hentry"],"_links":{"self":[{"href":"https:\/\/www.fatihgungor.com\/index.php?rest_route=\/wp\/v2\/pages\/17","targetHints":{"allow":["GET"]}}],"collection":[{"href":"https:\/\/www.fatihgungor.com\/index.php?rest_route=\/wp\/v2\/pages"}],"about":[{"href":"https:\/\/www.fatihgungor.com\/index.php?rest_route=\/wp\/v2\/types\/page"}],"author":[{"embeddable":true,"href":"https:\/\/www.fatihgungor.com\/index.php?rest_route=\/wp\/v2\/users\/1"}],"replies":[{"embeddable":true,"href":"https:\/\/www.fatihgungor.com\/index.php?rest_route=%2Fwp%2Fv2%2Fcomments&post=17"}],"version-history":[{"count":37,"href":"https:\/\/www.fatihgungor.com\/index.php?rest_route=\/wp\/v2\/pages\/17\/revisions"}],"predecessor-version":[{"id":284,"href":"https:\/\/www.fatihgungor.com\/index.php?rest_route=\/wp\/v2\/pages\/17\/revisions\/284"}],"wp:attachment":[{"href":"https:\/\/www.fatihgungor.com\/index.php?rest_route=%2Fwp%2Fv2%2Fmedia&parent=17"}],"curies":[{"name":"wp","href":"https:\/\/api.w.org\/{rel}","templated":true}]}}